{"id":4288,"date":"2021-04-13T15:55:32","date_gmt":"2021-04-13T15:55:32","guid":{"rendered":"https:\/\/zdrowiepiaseczna.pl\/?page_id=4288"},"modified":"2021-04-26T15:27:16","modified_gmt":"2021-04-26T15:27:16","slug":"rehabilitacja","status":"publish","type":"page","link":"https:\/\/zdrowiepiaseczna.pl\/index.php\/rehabilitacja\/","title":{"rendered":"Rehabilitacja"},"content":{"rendered":"<p>[vc_row top_margin=&#8221;page-margin-top&#8221; el_class=&#8221;padding-left-30&#8243;][vc_column width=&#8221;1\/3&#8243;]<div class=\"services-list single\"><div class=\"service-box\"><img width=\"480\" height=\"320\" src=\"https:\/\/zdrowiepiaseczna.pl\/wp-content\/uploads\/2021\/03\/physiotherapy-5624920_1920-480x320.jpg\" class=\"attachment-medium-thumb size-medium-thumb wp-post-image\" alt=\"Rehabilitacja\" loading=\"lazy\" title=\"\" srcset=\"https:\/\/zdrowiepiaseczna.pl\/wp-content\/uploads\/2021\/03\/physiotherapy-5624920_1920-480x320.jpg 480w, https:\/\/zdrowiepiaseczna.pl\/wp-content\/uploads\/2021\/03\/physiotherapy-5624920_1920-300x200.jpg 300w, https:\/\/zdrowiepiaseczna.pl\/wp-content\/uploads\/2021\/03\/physiotherapy-5624920_1920-1024x683.jpg 1024w, https:\/\/zdrowiepiaseczna.pl\/wp-content\/uploads\/2021\/03\/physiotherapy-5624920_1920-768x512.jpg 768w, https:\/\/zdrowiepiaseczna.pl\/wp-content\/uploads\/2021\/03\/physiotherapy-5624920_1920-1536x1024.jpg 1536w, https:\/\/zdrowiepiaseczna.pl\/wp-content\/uploads\/2021\/03\/physiotherapy-5624920_1920-670x446.jpg 670w, https:\/\/zdrowiepiaseczna.pl\/wp-content\/uploads\/2021\/03\/physiotherapy-5624920_1920-600x400.jpg 600w, https:\/\/zdrowiepiaseczna.pl\/wp-content\/uploads\/2021\/03\/physiotherapy-5624920_1920-390x260.jpg 390w, https:\/\/zdrowiepiaseczna.pl\/wp-content\/uploads\/2021\/03\/physiotherapy-5624920_1920-285x190.jpg 285w, https:\/\/zdrowiepiaseczna.pl\/wp-content\/uploads\/2021\/03\/physiotherapy-5624920_1920.jpg 1920w\" sizes=\"(max-width: 480px) 100vw, 480px\" \/><div class=\"service-details\"><h4>Rehabilitacja<\/h4><\/div><\/div><\/div>[vc_empty_space][vc_btn title=&#8221;Um\u00f3w si\u0119 na rehabilitacj\u0119&#8221; style=&#8221;classic&#8221; shape=&#8221;square&#8221; color=&#8221;primary&#8221; align=&#8221;center&#8221; css_animation=&#8221;bounceIn&#8221; link=&#8221;url:http%3A%2F%2Fzdrowiepiaseczna.stronazen.pl%2Findex.php%2Fkontakt%2F&#8221;][\/vc_column][vc_column width=&#8221;2\/3&#8243;]<h3 class=\"box-header\">Rehabilitacja w Zdrowiu Piaseczna<\/h3>[vc_column_text el_class=&#8221;large margin-top-10&#8243;]Dysponujemy dobrze wyposa\u017con\u0105 sekcj\u0105 rehabilitacji. Wykorzystujemy rozmaite metody, dostosowuj\u0105c terapi\u0119 do potrzeb pacjent\u00f3w. Je\u017celi<\/p>\n<ul>\n<li>cierpisz na b\u00f3le kr\u0119gos\u0142upa, bark\u00f3w, bioder, kolan czy st\u00f3p,<\/li>\n<li>dokucza Ci &#8222;\u0142okie\u0107 tenisisty&#8221; lub &#8222;\u0142okie\u0107 golfisty&#8221;,<\/li>\n<li>cierpisz z powodu rwy kulszowej,<\/li>\n<li>zdiagnozowano u Ciebie aktywny konflikt dyskowo-korzeniowy z uciskiem na korze\u0144 nerwowy,<\/li>\n<li>jeste\u015b po zabiegu operacyjnym kr\u0119gos\u0142upa lub stawu obwodowego,<\/li>\n<li>cierpisz na pseudomigrenowe b\u00f3le g\u0142owy,<\/li>\n<li>masz inne dolegliwo\u015bci ze strony uk\u0142adu kostno-mi\u0119\u015bniowego,<\/li>\n<\/ul>\n<p>zapraszamy na konsultacje i zabiegi do naszych specjalist\u00f3w. W naszej przychodni przyjmuj\u0105 znakomici ortopedzi, neurolodzy, specjali\u015bci rehabilitacji i fizjoterapii. Zapewniamy szerok\u0105 gam\u0119 zabieg\u00f3w terapii manualnej, PNF, kinesiotapingu, \u0107wicze\u0144 rehabilitacyjnych, \u0107wicze\u0144 w odci\u0105\u017ceniu oraz fizykoterapii. Jako wspomaganie rehabilitacji ruchowej stosujemy r\u00f3\u017cnorodne zabiegi fizykoterapii, mi\u0119dzy innymi: galwanizacj\u0119, jontoforez\u0119, elektrostymulacj\u0119, pole magnetyczne, laseroterapi\u0119.[\/vc_column_text][\/vc_column][\/vc_row][vc_row type=&#8221;full-width&#8221; top_margin=&#8221;page-margin-top-section&#8221; el_class=&#8221;flex-box&#8221; css=&#8221;.vc_custom_1539766293556{background-color: #ffffff !important;}&#8221;][vc_column css=&#8221;.vc_custom_1536849658368{background-position: center !important;background-repeat: no-repeat !important;background-size: cover !important;}&#8221; el_class=&#8221;padding-bottom-128 column-limited&#8221;][vc_row_inner el_class=&#8221;padding-right-100&#8243;][vc_column_inner]<h3 class=\"box-header margin-top-92\">Dowiedz si\u0119 wi\u0119cej o zabiegach rehabilitacji i fizjoterapii<\/h3>[\/vc_column_inner][\/vc_row_inner][\/vc_column][\/vc_row][vc_row][vc_column]<ul class=\"services-list clearfix\"><li class=\"vc_row wpb_row vc_row-fluid\"><ul><li><a href=\"https:\/\/zdrowiepiaseczna.pl\/index.php\/services\/fizykoterapia\/\" title=\"Fizykoterapia\"><img width=\"480\" height=\"320\" src=\"https:\/\/zdrowiepiaseczna.pl\/wp-content\/uploads\/2021\/04\/ZP-grafiki-na-www-11-480x320.jpg\" class=\"attachment-medium-thumb size-medium-thumb wp-post-image\" alt=\"Fizykoterapia\" loading=\"lazy\" title=\"\" srcset=\"https:\/\/zdrowiepiaseczna.pl\/wp-content\/uploads\/2021\/04\/ZP-grafiki-na-www-11-480x320.jpg 480w, https:\/\/zdrowiepiaseczna.pl\/wp-content\/uploads\/2021\/04\/ZP-grafiki-na-www-11-300x200.jpg 300w, https:\/\/zdrowiepiaseczna.pl\/wp-content\/uploads\/2021\/04\/ZP-grafiki-na-www-11-768x512.jpg 768w, https:\/\/zdrowiepiaseczna.pl\/wp-content\/uploads\/2021\/04\/ZP-grafiki-na-www-11-670x446.jpg 670w, https:\/\/zdrowiepiaseczna.pl\/wp-content\/uploads\/2021\/04\/ZP-grafiki-na-www-11-600x400.jpg 600w, https:\/\/zdrowiepiaseczna.pl\/wp-content\/uploads\/2021\/04\/ZP-grafiki-na-www-11-390x260.jpg 390w, https:\/\/zdrowiepiaseczna.pl\/wp-content\/uploads\/2021\/04\/ZP-grafiki-na-www-11-285x190.jpg 285w, https:\/\/zdrowiepiaseczna.pl\/wp-content\/uploads\/2021\/04\/ZP-grafiki-na-www-11.jpg 900w\" sizes=\"(max-width: 480px) 100vw, 480px\" \/><\/a><div class=\"service-details\"><h4 class=\"box-header\"><a href=\"https:\/\/zdrowiepiaseczna.pl\/index.php\/services\/fizykoterapia\/\" title=\"Fizykoterapia\">Fizykoterapia<\/a><\/h4><\/div><\/li><li><a href=\"https:\/\/zdrowiepiaseczna.pl\/index.php\/services\/kinesiotaping\/\" title=\"Kinesiotaping\"><img width=\"480\" height=\"320\" src=\"https:\/\/zdrowiepiaseczna.pl\/wp-content\/uploads\/2021\/04\/ZP-grafiki-na-www-9-480x320.jpg\" class=\"attachment-medium-thumb size-medium-thumb wp-post-image\" alt=\"Kinesiotaping\" loading=\"lazy\" title=\"\" srcset=\"https:\/\/zdrowiepiaseczna.pl\/wp-content\/uploads\/2021\/04\/ZP-grafiki-na-www-9-480x320.jpg 480w, https:\/\/zdrowiepiaseczna.pl\/wp-content\/uploads\/2021\/04\/ZP-grafiki-na-www-9-300x200.jpg 300w, https:\/\/zdrowiepiaseczna.pl\/wp-content\/uploads\/2021\/04\/ZP-grafiki-na-www-9-768x512.jpg 768w, https:\/\/zdrowiepiaseczna.pl\/wp-content\/uploads\/2021\/04\/ZP-grafiki-na-www-9-670x446.jpg 670w, https:\/\/zdrowiepiaseczna.pl\/wp-content\/uploads\/2021\/04\/ZP-grafiki-na-www-9-600x400.jpg 600w, https:\/\/zdrowiepiaseczna.pl\/wp-content\/uploads\/2021\/04\/ZP-grafiki-na-www-9-390x260.jpg 390w, https:\/\/zdrowiepiaseczna.pl\/wp-content\/uploads\/2021\/04\/ZP-grafiki-na-www-9-285x190.jpg 285w, https:\/\/zdrowiepiaseczna.pl\/wp-content\/uploads\/2021\/04\/ZP-grafiki-na-www-9.jpg 900w\" sizes=\"(max-width: 480px) 100vw, 480px\" \/><\/a><div class=\"service-details\"><h4 class=\"box-header\"><a href=\"https:\/\/zdrowiepiaseczna.pl\/index.php\/services\/kinesiotaping\/\" title=\"Kinesiotaping\">Kinesiotaping<\/a><\/h4><\/div><\/li><li><a href=\"https:\/\/zdrowiepiaseczna.pl\/index.php\/services\/kinezyterapia\/\" title=\"Kinezyterapia\"><img width=\"480\" height=\"320\" src=\"https:\/\/zdrowiepiaseczna.pl\/wp-content\/uploads\/2021\/04\/ZP-grafiki-na-www-10-480x320.jpg\" class=\"attachment-medium-thumb size-medium-thumb wp-post-image\" alt=\"Kinezyterapia\" loading=\"lazy\" title=\"\" srcset=\"https:\/\/zdrowiepiaseczna.pl\/wp-content\/uploads\/2021\/04\/ZP-grafiki-na-www-10-480x320.jpg 480w, https:\/\/zdrowiepiaseczna.pl\/wp-content\/uploads\/2021\/04\/ZP-grafiki-na-www-10-300x200.jpg 300w, https:\/\/zdrowiepiaseczna.pl\/wp-content\/uploads\/2021\/04\/ZP-grafiki-na-www-10-768x512.jpg 768w, https:\/\/zdrowiepiaseczna.pl\/wp-content\/uploads\/2021\/04\/ZP-grafiki-na-www-10-670x446.jpg 670w, https:\/\/zdrowiepiaseczna.pl\/wp-content\/uploads\/2021\/04\/ZP-grafiki-na-www-10-600x400.jpg 600w, https:\/\/zdrowiepiaseczna.pl\/wp-content\/uploads\/2021\/04\/ZP-grafiki-na-www-10-390x260.jpg 390w, https:\/\/zdrowiepiaseczna.pl\/wp-content\/uploads\/2021\/04\/ZP-grafiki-na-www-10-285x190.jpg 285w, https:\/\/zdrowiepiaseczna.pl\/wp-content\/uploads\/2021\/04\/ZP-grafiki-na-www-10.jpg 900w\" sizes=\"(max-width: 480px) 100vw, 480px\" \/><\/a><div class=\"service-details\"><h4 class=\"box-header\"><a href=\"https:\/\/zdrowiepiaseczna.pl\/index.php\/services\/kinezyterapia\/\" title=\"Kinezyterapia\">Kinezyterapia<\/a><\/h4><\/div><\/li><\/ul><\/li><li class=\"vc_row wpb_row vc_row-fluid\"><ul><li><a href=\"https:\/\/zdrowiepiaseczna.pl\/index.php\/services\/metoda-kaltenborna-evjentha\/\" title=\"Metoda Kaltenborna-Evjenth&#8217;a\"><img width=\"480\" height=\"320\" src=\"https:\/\/zdrowiepiaseczna.pl\/wp-content\/uploads\/2021\/04\/ZP-grafiki-na-www-7-480x320.jpg\" class=\"attachment-medium-thumb size-medium-thumb wp-post-image\" alt=\"Metoda Kaltenborna-Evjenth&#8217;a\" loading=\"lazy\" title=\"\" srcset=\"https:\/\/zdrowiepiaseczna.pl\/wp-content\/uploads\/2021\/04\/ZP-grafiki-na-www-7-480x320.jpg 480w, https:\/\/zdrowiepiaseczna.pl\/wp-content\/uploads\/2021\/04\/ZP-grafiki-na-www-7-300x200.jpg 300w, https:\/\/zdrowiepiaseczna.pl\/wp-content\/uploads\/2021\/04\/ZP-grafiki-na-www-7-768x512.jpg 768w, https:\/\/zdrowiepiaseczna.pl\/wp-content\/uploads\/2021\/04\/ZP-grafiki-na-www-7-670x446.jpg 670w, https:\/\/zdrowiepiaseczna.pl\/wp-content\/uploads\/2021\/04\/ZP-grafiki-na-www-7-600x400.jpg 600w, https:\/\/zdrowiepiaseczna.pl\/wp-content\/uploads\/2021\/04\/ZP-grafiki-na-www-7-390x260.jpg 390w, https:\/\/zdrowiepiaseczna.pl\/wp-content\/uploads\/2021\/04\/ZP-grafiki-na-www-7-285x190.jpg 285w, https:\/\/zdrowiepiaseczna.pl\/wp-content\/uploads\/2021\/04\/ZP-grafiki-na-www-7.jpg 900w\" sizes=\"(max-width: 480px) 100vw, 480px\" \/><\/a><div class=\"service-details\"><h4 class=\"box-header\"><a href=\"https:\/\/zdrowiepiaseczna.pl\/index.php\/services\/metoda-kaltenborna-evjentha\/\" title=\"Metoda Kaltenborna-Evjenth&#8217;a\">Metoda Kaltenborna-Evjenth&#8217;a<\/a><\/h4><\/div><\/li><li><a href=\"https:\/\/zdrowiepiaseczna.pl\/index.php\/services\/osteopatia\/\" title=\"Osteopatia\"><img width=\"480\" height=\"320\" src=\"https:\/\/zdrowiepiaseczna.pl\/wp-content\/uploads\/2021\/04\/ZP-grafiki-na-www-6-480x320.jpg\" class=\"attachment-medium-thumb size-medium-thumb wp-post-image\" alt=\"Osteopatia\" loading=\"lazy\" title=\"\" srcset=\"https:\/\/zdrowiepiaseczna.pl\/wp-content\/uploads\/2021\/04\/ZP-grafiki-na-www-6-480x320.jpg 480w, https:\/\/zdrowiepiaseczna.pl\/wp-content\/uploads\/2021\/04\/ZP-grafiki-na-www-6-300x200.jpg 300w, https:\/\/zdrowiepiaseczna.pl\/wp-content\/uploads\/2021\/04\/ZP-grafiki-na-www-6-768x512.jpg 768w, https:\/\/zdrowiepiaseczna.pl\/wp-content\/uploads\/2021\/04\/ZP-grafiki-na-www-6-670x446.jpg 670w, https:\/\/zdrowiepiaseczna.pl\/wp-content\/uploads\/2021\/04\/ZP-grafiki-na-www-6-600x400.jpg 600w, https:\/\/zdrowiepiaseczna.pl\/wp-content\/uploads\/2021\/04\/ZP-grafiki-na-www-6-390x260.jpg 390w, https:\/\/zdrowiepiaseczna.pl\/wp-content\/uploads\/2021\/04\/ZP-grafiki-na-www-6-285x190.jpg 285w, https:\/\/zdrowiepiaseczna.pl\/wp-content\/uploads\/2021\/04\/ZP-grafiki-na-www-6.jpg 900w\" sizes=\"(max-width: 480px) 100vw, 480px\" \/><\/a><div class=\"service-details\"><h4 class=\"box-header\"><a href=\"https:\/\/zdrowiepiaseczna.pl\/index.php\/services\/osteopatia\/\" title=\"Osteopatia\">Osteopatia<\/a><\/h4><\/div><\/li><li><a href=\"https:\/\/zdrowiepiaseczna.pl\/index.php\/services\/pnf-proprioceptywne-torowanie-nerwowo-miesniowe\/\" title=\"PNF (Proprioceptywne Torowanie Nerwowo-Mi\u0119\u015bniowe)\"><img width=\"480\" height=\"320\" src=\"https:\/\/zdrowiepiaseczna.pl\/wp-content\/uploads\/2021\/04\/ZP-grafiki-na-www-8-480x320.jpg\" class=\"attachment-medium-thumb size-medium-thumb wp-post-image\" alt=\"PNF (Proprioceptywne Torowanie Nerwowo-Mi\u0119\u015bniowe)\" loading=\"lazy\" title=\"\" srcset=\"https:\/\/zdrowiepiaseczna.pl\/wp-content\/uploads\/2021\/04\/ZP-grafiki-na-www-8-480x320.jpg 480w, https:\/\/zdrowiepiaseczna.pl\/wp-content\/uploads\/2021\/04\/ZP-grafiki-na-www-8-300x200.jpg 300w, https:\/\/zdrowiepiaseczna.pl\/wp-content\/uploads\/2021\/04\/ZP-grafiki-na-www-8-768x512.jpg 768w, https:\/\/zdrowiepiaseczna.pl\/wp-content\/uploads\/2021\/04\/ZP-grafiki-na-www-8-670x446.jpg 670w, https:\/\/zdrowiepiaseczna.pl\/wp-content\/uploads\/2021\/04\/ZP-grafiki-na-www-8-600x400.jpg 600w, https:\/\/zdrowiepiaseczna.pl\/wp-content\/uploads\/2021\/04\/ZP-grafiki-na-www-8-390x260.jpg 390w, https:\/\/zdrowiepiaseczna.pl\/wp-content\/uploads\/2021\/04\/ZP-grafiki-na-www-8-285x190.jpg 285w, https:\/\/zdrowiepiaseczna.pl\/wp-content\/uploads\/2021\/04\/ZP-grafiki-na-www-8.jpg 900w\" sizes=\"(max-width: 480px) 100vw, 480px\" \/><\/a><div class=\"service-details\"><h4 class=\"box-header\"><a href=\"https:\/\/zdrowiepiaseczna.pl\/index.php\/services\/pnf-proprioceptywne-torowanie-nerwowo-miesniowe\/\" title=\"PNF (Proprioceptywne Torowanie Nerwowo-Mi\u0119\u015bniowe)\">PNF (Proprioceptywne Torowanie Nerwowo-Mi\u0119\u015bniowe)<\/a><\/h4><\/div><\/li><\/ul><\/li><li class=\"vc_row wpb_row vc_row-fluid\"><ul><li><a href=\"https:\/\/zdrowiepiaseczna.pl\/index.php\/services\/terapia-manualna\/\" title=\"Terapia manualna\"><img width=\"480\" height=\"320\" src=\"https:\/\/zdrowiepiaseczna.pl\/wp-content\/uploads\/2021\/04\/ZP-grafiki-na-www-5-480x320.jpg\" class=\"attachment-medium-thumb size-medium-thumb wp-post-image\" alt=\"Terapia manualna\" loading=\"lazy\" title=\"\" srcset=\"https:\/\/zdrowiepiaseczna.pl\/wp-content\/uploads\/2021\/04\/ZP-grafiki-na-www-5-480x320.jpg 480w, https:\/\/zdrowiepiaseczna.pl\/wp-content\/uploads\/2021\/04\/ZP-grafiki-na-www-5-300x200.jpg 300w, https:\/\/zdrowiepiaseczna.pl\/wp-content\/uploads\/2021\/04\/ZP-grafiki-na-www-5-768x512.jpg 768w, https:\/\/zdrowiepiaseczna.pl\/wp-content\/uploads\/2021\/04\/ZP-grafiki-na-www-5-670x446.jpg 670w, https:\/\/zdrowiepiaseczna.pl\/wp-content\/uploads\/2021\/04\/ZP-grafiki-na-www-5-600x400.jpg 600w, https:\/\/zdrowiepiaseczna.pl\/wp-content\/uploads\/2021\/04\/ZP-grafiki-na-www-5-390x260.jpg 390w, https:\/\/zdrowiepiaseczna.pl\/wp-content\/uploads\/2021\/04\/ZP-grafiki-na-www-5-285x190.jpg 285w, https:\/\/zdrowiepiaseczna.pl\/wp-content\/uploads\/2021\/04\/ZP-grafiki-na-www-5.jpg 900w\" sizes=\"(max-width: 480px) 100vw, 480px\" \/><\/a><div class=\"service-details\"><h4 class=\"box-header\"><a href=\"https:\/\/zdrowiepiaseczna.pl\/index.php\/services\/terapia-manualna\/\" title=\"Terapia manualna\">Terapia manualna<\/a><\/h4><\/div><\/li><\/ul><\/li><\/ul>[\/vc_column][\/vc_row]<\/p>\n","protected":false},"excerpt":{"rendered":"<p>[vc_row top_margin=&#8221;page-margin-top&#8221; el_class=&#8221;padding-left-30&#8243;][vc_column width=&#8221;1\/3&#8243;][vc_empty_space][vc_btn title=&#8221;Um\u00f3w si\u0119 na rehabilitacj\u0119&#8221; style=&#8221;classic&#8221; shape=&#8221;square&#8221; color=&#8221;primary&#8221; align=&#8221;center&#8221; css_animation=&#8221;bounceIn&#8221; link=&#8221;url:http%3A%2F%2Fzdrowiepiaseczna.stronazen.pl%2Findex.php%2Fkontakt%2F&#8221;][\/vc_column][vc_column width=&#8221;2\/3&#8243;][vc_column_text el_class=&#8221;large margin-top-10&#8243;]Dysponujemy dobrze wyposa\u017con\u0105 sekcj\u0105 rehabilitacji. Wykorzystujemy rozmaite metody, dostosowuj\u0105c terapi\u0119 do potrzeb pacjent\u00f3w. Je\u017celi cierpisz na b\u00f3le kr\u0119gos\u0142upa, bark\u00f3w, bioder, kolan czy st\u00f3p, dokucza Ci &#8222;\u0142okie\u0107 tenisisty&#8221; lub &#8222;\u0142okie\u0107 golfisty&#8221;, cierpisz z powodu rwy kulszowej, zdiagnozowano u Ciebie aktywny<\/p>\n","protected":false},"author":1,"featured_media":4170,"parent":0,"menu_order":0,"comment_status":"closed","ping_status":"closed","template":"","meta":[],"_links":{"self":[{"href":"https:\/\/zdrowiepiaseczna.pl\/index.php\/wp-json\/wp\/v2\/pages\/4288"}],"collection":[{"href":"https:\/\/zdrowiepiaseczna.pl\/index.php\/wp-json\/wp\/v2\/pages"}],"about":[{"href":"https:\/\/zdrowiepiaseczna.pl\/index.php\/wp-json\/wp\/v2\/types\/page"}],"author":[{"embeddable":true,"href":"https:\/\/zdrowiepiaseczna.pl\/index.php\/wp-json\/wp\/v2\/users\/1"}],"replies":[{"embeddable":true,"href":"https:\/\/zdrowiepiaseczna.pl\/index.php\/wp-json\/wp\/v2\/comments?post=4288"}],"version-history":[{"count":15,"href":"https:\/\/zdrowiepiaseczna.pl\/index.php\/wp-json\/wp\/v2\/pages\/4288\/revisions"}],"predecessor-version":[{"id":4521,"href":"https:\/\/zdrowiepiaseczna.pl\/index.php\/wp-json\/wp\/v2\/pages\/4288\/revisions\/4521"}],"wp:featuredmedia":[{"embeddable":true,"href":"https:\/\/zdrowiepiaseczna.pl\/index.php\/wp-json\/wp\/v2\/media\/4170"}],"wp:attachment":[{"href":"https:\/\/zdrowiepiaseczna.pl\/index.php\/wp-json\/wp\/v2\/media?parent=4288"}],"curies":[{"name":"wp","href":"https:\/\/api.w.org\/{rel}","templated":true}]}}