{"id":2196,"date":"2013-06-21T08:26:08","date_gmt":"2013-06-21T08:26:08","guid":{"rendered":"http:\/\/quanticalabs.com\/wp_themes\/medicenter\/?page_id=2196"},"modified":"2013-06-21T08:26:08","modified_gmt":"2013-06-21T08:26:08","slug":"our-doctors-3-columns-ajax-pagination","status":"publish","type":"page","link":"https:\/\/zdrowiepiaseczna.pl\/index.php\/our-doctors-3-columns-ajax-pagination\/","title":{"rendered":"Our Doctors 3 Columns Ajax Pagination"},"content":{"rendered":"<p>[vc_row top_margin=&#8221;page-margin-top&#8221; el_position=&#8221;first last&#8221;][vc_column]<div class='theme_doctors_pagination'><ul class=\"gallery-item-details-list clearfix margin-bottom\"><li id=\"gallery-details-dr-antonina-lisowska\" class=\"gallery-item-details clearfix\">\n\t\t\t\t\t<div class=\"vc_row wpb_row vc_row-fluid\">\n\t\t\t\t\t\t<div class=\"vc_col-sm-6 wpb_column vc_column_container\"><div class=\"gallery-box hover-icons-off\"><span class=\"mc-preloader\"><\/span>\n\t\t\t\t\t\t\t\t\t<img width=\"600\" height=\"400\" src=\"https:\/\/zdrowiepiaseczna.pl\/wp-content\/uploads\/2025\/10\/dr-Lisowska-600x400.jpg\" class=\"mc-preload wp-post-image\" alt=\"dr Antonina Lisowska\" loading=\"lazy\" title=\"\" srcset=\"https:\/\/zdrowiepiaseczna.pl\/wp-content\/uploads\/2025\/10\/dr-Lisowska-600x400.jpg 600w, https:\/\/zdrowiepiaseczna.pl\/wp-content\/uploads\/2025\/10\/dr-Lisowska-300x200.jpg 300w, https:\/\/zdrowiepiaseczna.pl\/wp-content\/uploads\/2025\/10\/dr-Lisowska-768x512.jpg 768w, https:\/\/zdrowiepiaseczna.pl\/wp-content\/uploads\/2025\/10\/dr-Lisowska-670x446.jpg 670w, https:\/\/zdrowiepiaseczna.pl\/wp-content\/uploads\/2025\/10\/dr-Lisowska-480x320.jpg 480w, https:\/\/zdrowiepiaseczna.pl\/wp-content\/uploads\/2025\/10\/dr-Lisowska-390x260.jpg 390w, https:\/\/zdrowiepiaseczna.pl\/wp-content\/uploads\/2025\/10\/dr-Lisowska-285x190.jpg 285w, https:\/\/zdrowiepiaseczna.pl\/wp-content\/uploads\/2025\/10\/dr-Lisowska.jpg 900w\" sizes=\"(max-width: 600px) 100vw, 600px\" \/>\n\t\t\t\t\t\t\t\t\t<ul class=\"controls\">\n\t\t\t\t\t\t\t\t\t\t<li>\n\t\t\t\t\t\t\t\t\t\t\t<a href=\"https:\/\/zdrowiepiaseczna.pl\/wp-content\/uploads\/2025\/10\/dr-Lisowska.jpg\" class=\"template-plus-2 fancybox open-lightbox\" rel=\"featured-gallery\"><\/a>\n\t\t\t\t\t\t\t\t\t\t<\/li>\n\t\t\t\t\t\t\t\t\t<\/ul><div class=\"description\">\n\t\t\t\t\t\t\t\t\t\t<h3>dr Antonina Lisowska<\/h3>\n\t\t\t\t\t\t\t\t\t\t<h5>USG piersi z konsultacj\u0105 onkologiczn\u0105<\/h5>\n\t\t\t\t\t\t\t\t\t<\/div><\/div><\/div>\n\t\t\t\t\t<div class=\"vc_col-sm-6 wpb_column vc_column_container\">\n\t\t\t\t\t\t<div class=\"details-box\"><ul class=\"controls\">\n\t\t\t\t\t\t\t\t\t<li>\n\t\t\t\t\t\t\t\t\t\t<a href=\"#\" class=\"prev template-arrow-horizontal-3\"><\/a>\n\t\t\t\t\t\t\t\t\t<\/li>\n\t\t\t\t\t\t\t\t\t<li>\n\t\t\t\t\t\t\t\t\t\t<a href=\"#\" class=\"next template-arrow-horizontal-3\"><\/a>\n\t\t\t\t\t\t\t\t\t<\/li>\n\t\t\t\t\t\t\t\t\t<li class=\"separator\">&nbsp;<\/li><li>\n\t\t\t\t\t\t\t\t\t\t<a href=\"#gallery-details-close\" class=\"close template-remove-1\"><\/a>\n\t\t\t\t\t\t\t\t\t<\/li>\n\t\t\t\t\t\t\t\t<\/ul><h2 class=\"box-header animation-slide\"> dr Antonina Lisowska<\/h2><table class=\"margin-top-30\" width=\"417\">\r\n<tbody>\r\n<tr>\r\n<td>Specjalizacje<\/td>\r\n<td>Radiolog<\/td>\r\n<\/tr>\r\n<tr>\r\n<td>Stopie\u0144<\/td>\r\n<td>dr<\/td>\r\n<\/tr>\r\n<tr>\r\n<td>Przyjmuje pacjent\u00f3w<\/td>\r\n<td><ul class=\"simple-list clearfix\"><li class=\"template-check clearfix\">\n\t\t\t<span>doro\u015bli<\/span><\/li><\/ul><\/td>\r\n<\/tr>\r\n<tr>\r\n<td>Us\u0142ugi<\/td>\r\n<td><ul class=\"simple-list clearfix\"><li class=\"template-check clearfix\">\n\t\t\t<span>USG piersi z konsultacj\u0105 onkologiczn\u0105<\/span><\/li><\/ul><\/td>\r\n<\/tr>\r\n<tr>\r\n<td>Znajomo\u015b\u0107 j\u0119zyk\u00f3w<\/td>\r\n<td><\/td>\r\n<\/tr>\r\n<\/tbody>\r\n<\/table><div class=\"item-footer clearfix\"><a title=\"dr Antonina Lisowska\" href=\"https:\/\/zdrowiepiaseczna.pl\/index.php\/doctors\/dr-antonina-lisowska\/\" class=\"mc-button more light template-arrow-horizontal-1-after\">PROFILE<\/a><\/div><\/div><\/div>\n\t\t\t\t<\/div><li id=\"gallery-details-lek-bozena-klysz\" class=\"gallery-item-details clearfix\">\n\t\t\t\t\t<div class=\"vc_row wpb_row vc_row-fluid\">\n\t\t\t\t\t\t<div class=\"vc_col-sm-6 wpb_column vc_column_container\"><div class=\"gallery-box hover-icons-off\"><span class=\"mc-preloader\"><\/span>\n\t\t\t\t\t\t\t\t\t<img width=\"600\" height=\"400\" src=\"https:\/\/zdrowiepiaseczna.pl\/wp-content\/uploads\/2021\/04\/ZP-grafiki-na-www-5-1-600x400.jpg\" class=\"mc-preload wp-post-image\" alt=\"dr Bo\u017cena K\u0142ysz\" loading=\"lazy\" title=\"\" srcset=\"https:\/\/zdrowiepiaseczna.pl\/wp-content\/uploads\/2021\/04\/ZP-grafiki-na-www-5-1-600x400.jpg 600w, https:\/\/zdrowiepiaseczna.pl\/wp-content\/uploads\/2021\/04\/ZP-grafiki-na-www-5-1-300x200.jpg 300w, https:\/\/zdrowiepiaseczna.pl\/wp-content\/uploads\/2021\/04\/ZP-grafiki-na-www-5-1-768x512.jpg 768w, https:\/\/zdrowiepiaseczna.pl\/wp-content\/uploads\/2021\/04\/ZP-grafiki-na-www-5-1-670x446.jpg 670w, https:\/\/zdrowiepiaseczna.pl\/wp-content\/uploads\/2021\/04\/ZP-grafiki-na-www-5-1-480x320.jpg 480w, https:\/\/zdrowiepiaseczna.pl\/wp-content\/uploads\/2021\/04\/ZP-grafiki-na-www-5-1-390x260.jpg 390w, https:\/\/zdrowiepiaseczna.pl\/wp-content\/uploads\/2021\/04\/ZP-grafiki-na-www-5-1-285x190.jpg 285w, https:\/\/zdrowiepiaseczna.pl\/wp-content\/uploads\/2021\/04\/ZP-grafiki-na-www-5-1.jpg 900w\" sizes=\"(max-width: 600px) 100vw, 600px\" \/>\n\t\t\t\t\t\t\t\t\t<ul class=\"controls\">\n\t\t\t\t\t\t\t\t\t\t<li>\n\t\t\t\t\t\t\t\t\t\t\t<a href=\"https:\/\/zdrowiepiaseczna.pl\/wp-content\/uploads\/2021\/04\/ZP-grafiki-na-www-5-1.jpg\" class=\"template-plus-2 fancybox open-lightbox\" rel=\"featured-gallery\"><\/a>\n\t\t\t\t\t\t\t\t\t\t<\/li>\n\t\t\t\t\t\t\t\t\t<\/ul><div class=\"description\">\n\t\t\t\t\t\t\t\t\t\t<h3>dr Bo\u017cena K\u0142ysz<\/h3>\n\t\t\t\t\t\t\t\t\t\t<h5>neurolog<\/h5>\n\t\t\t\t\t\t\t\t\t<\/div><\/div><\/div>\n\t\t\t\t\t<div class=\"vc_col-sm-6 wpb_column vc_column_container\">\n\t\t\t\t\t\t<div class=\"details-box\"><ul class=\"controls\">\n\t\t\t\t\t\t\t\t\t<li>\n\t\t\t\t\t\t\t\t\t\t<a href=\"#\" class=\"prev template-arrow-horizontal-3\"><\/a>\n\t\t\t\t\t\t\t\t\t<\/li>\n\t\t\t\t\t\t\t\t\t<li>\n\t\t\t\t\t\t\t\t\t\t<a href=\"#\" class=\"next template-arrow-horizontal-3\"><\/a>\n\t\t\t\t\t\t\t\t\t<\/li>\n\t\t\t\t\t\t\t\t\t<li class=\"separator\">&nbsp;<\/li><li>\n\t\t\t\t\t\t\t\t\t\t<a href=\"#gallery-details-close\" class=\"close template-remove-1\"><\/a>\n\t\t\t\t\t\t\t\t\t<\/li>\n\t\t\t\t\t\t\t\t<\/ul><h2 class=\"box-header animation-slide\"> dr Bo\u017cena K\u0142ysz<\/h2><table class=\"margin-top-30\" width=\"417\">\r\n<tbody>\r\n<tr>\r\n<td>Specjalizacje<\/td>\r\n<td>Neurolog<\/td>\r\n<\/tr>\r\n<tr>\r\n<td>Stopie\u0144<\/td>\r\n<td>dr n. med.<\/td>\r\n<\/tr>\r\n<tr>\r\n<td>Przyjmuje pacjent\u00f3w<\/td>\r\n<td><ul class=\"simple-list clearfix\"><li class=\"template-check clearfix\">\n\t\t\t<span>doro\u015bli<\/span><\/li><\/ul><\/td>\r\n<\/tr>\r\n<tr>\r\n<td>Us\u0142ugi<\/td>\r\n<td><ul class=\"simple-list clearfix\"><li class=\"template-check clearfix\">\n\t\t\t<span>konsultacje specjalistyczne<\/span><\/li><li class=\"template-check clearfix\">\n\t\t\t<span>leczenie toksyn\u0105 botulinow\u0105<\/span><\/li><\/ul><\/td>\r\n<\/tr>\r\n<tr>\r\n<td>Znajomo\u015b\u0107 j\u0119zyk\u00f3w<\/td>\r\n<td>angielski<\/td>\r\n<\/tr>\r\n<\/tbody>\r\n<\/table><div class=\"item-footer clearfix\"><a title=\"dr Bo\u017cena K\u0142ysz\" href=\"https:\/\/zdrowiepiaseczna.pl\/index.php\/doctors\/lek-bozena-klysz\/\" class=\"mc-button more light template-arrow-horizontal-1-after\">PROFILE<\/a><\/div><\/div><\/div>\n\t\t\t\t<\/div><li id=\"gallery-details-dr-n-med-adam-pluzanski\" class=\"gallery-item-details clearfix\">\n\t\t\t\t\t<div class=\"vc_row wpb_row vc_row-fluid\">\n\t\t\t\t\t\t<div class=\"vc_col-sm-6 wpb_column vc_column_container\"><div class=\"gallery-box hover-icons-off\"><span class=\"mc-preloader\"><\/span>\n\t\t\t\t\t\t\t\t\t<img width=\"600\" height=\"400\" src=\"https:\/\/zdrowiepiaseczna.pl\/wp-content\/uploads\/2021\/04\/42-1-600x400.jpg\" class=\"mc-preload wp-post-image\" alt=\"dr hab. n. med. Adam P\u0142u\u017ca\u0144ski\" loading=\"lazy\" title=\"\" srcset=\"https:\/\/zdrowiepiaseczna.pl\/wp-content\/uploads\/2021\/04\/42-1-600x400.jpg 600w, https:\/\/zdrowiepiaseczna.pl\/wp-content\/uploads\/2021\/04\/42-1-300x200.jpg 300w, https:\/\/zdrowiepiaseczna.pl\/wp-content\/uploads\/2021\/04\/42-1-768x512.jpg 768w, https:\/\/zdrowiepiaseczna.pl\/wp-content\/uploads\/2021\/04\/42-1-670x446.jpg 670w, https:\/\/zdrowiepiaseczna.pl\/wp-content\/uploads\/2021\/04\/42-1-480x320.jpg 480w, https:\/\/zdrowiepiaseczna.pl\/wp-content\/uploads\/2021\/04\/42-1-390x260.jpg 390w, https:\/\/zdrowiepiaseczna.pl\/wp-content\/uploads\/2021\/04\/42-1-285x190.jpg 285w, https:\/\/zdrowiepiaseczna.pl\/wp-content\/uploads\/2021\/04\/42-1.jpg 900w\" sizes=\"(max-width: 600px) 100vw, 600px\" \/>\n\t\t\t\t\t\t\t\t\t<ul class=\"controls\">\n\t\t\t\t\t\t\t\t\t\t<li>\n\t\t\t\t\t\t\t\t\t\t\t<a href=\"https:\/\/zdrowiepiaseczna.pl\/wp-content\/uploads\/2021\/04\/42-1.jpg\" class=\"template-plus-2 fancybox open-lightbox\" rel=\"featured-gallery\"><\/a>\n\t\t\t\t\t\t\t\t\t\t<\/li>\n\t\t\t\t\t\t\t\t\t<\/ul><div class=\"description\">\n\t\t\t\t\t\t\t\t\t\t<h3>dr hab. n. med. Adam P\u0142u\u017ca\u0144ski<\/h3>\n\t\t\t\t\t\t\t\t\t\t<h5>onkolog<\/h5>\n\t\t\t\t\t\t\t\t\t<\/div><\/div><\/div>\n\t\t\t\t\t<div class=\"vc_col-sm-6 wpb_column vc_column_container\">\n\t\t\t\t\t\t<div class=\"details-box\"><ul class=\"controls\">\n\t\t\t\t\t\t\t\t\t<li>\n\t\t\t\t\t\t\t\t\t\t<a href=\"#\" class=\"prev template-arrow-horizontal-3\"><\/a>\n\t\t\t\t\t\t\t\t\t<\/li>\n\t\t\t\t\t\t\t\t\t<li>\n\t\t\t\t\t\t\t\t\t\t<a href=\"#\" class=\"next template-arrow-horizontal-3\"><\/a>\n\t\t\t\t\t\t\t\t\t<\/li>\n\t\t\t\t\t\t\t\t\t<li class=\"separator\">&nbsp;<\/li><li>\n\t\t\t\t\t\t\t\t\t\t<a href=\"#gallery-details-close\" class=\"close template-remove-1\"><\/a>\n\t\t\t\t\t\t\t\t\t<\/li>\n\t\t\t\t\t\t\t\t<\/ul><h2 class=\"box-header animation-slide\"> dr hab. n. med. Adam P\u0142u\u017ca\u0144ski<\/h2><table class=\"margin-top-30\" width=\"417\">\r\n<tbody>\r\n<tr>\r\n<td>Specjalizacje<\/td>\r\n<td>Onkolog<\/td>\r\n<\/tr>\r\n<tr>\r\n<td>Stopie\u0144<\/td>\r\n<td>dr n.med.<\/td>\r\n<\/tr>\r\n<tr>\r\n<td>Przyjmuje pacjent\u00f3w<\/td>\r\n<td><ul class=\"simple-list clearfix\"><li class=\"template-check clearfix\">\n\t\t\t<span>doro\u015bli<\/span><\/li><\/ul><\/td>\r\n<\/tr>\r\n<tr>\r\n<td>Us\u0142ugi<\/td>\r\n<td><ul class=\"simple-list clearfix\"><li class=\"template-check clearfix\">\n\t\t\t<span>konsultacje specjalistyczne<\/span><\/li><\/ul><\/td>\r\n<\/tr>\r\n<tr>\r\n<td>Znajomo\u015b\u0107 j\u0119zyk\u00f3w<\/td>\r\n<td><\/td>\r\n<\/tr>\r\n<\/tbody>\r\n<\/table><div class=\"item-footer clearfix\"><a title=\"dr hab. n. med. Adam P\u0142u\u017ca\u0144ski\" href=\"https:\/\/zdrowiepiaseczna.pl\/index.php\/doctors\/dr-n-med-adam-pluzanski\/\" class=\"mc-button more light template-arrow-horizontal-1-after\">PROFILE<\/a><\/div><\/div><\/div>\n\t\t\t\t<\/div><\/ul><h3 class=\"box-header margin-bottom-30 animation-slide\">Meet The Team<\/h3><ul class=\"mc-gallery gallery-3-columns dm_pagination\"><li class=\"gallery-box gallery-box-1 hover-icons-off\" id=\"gallery-item-dr-antonina-lisowska\"><span class=\"mc-preloader\"><\/span><img width=\"390\" height=\"260\" src=\"https:\/\/zdrowiepiaseczna.pl\/wp-content\/uploads\/2025\/10\/dr-Lisowska-390x260.jpg\" class=\"mc-preload wp-post-image\" alt=\"dr Antonina Lisowska\" loading=\"lazy\" title=\"\" srcset=\"https:\/\/zdrowiepiaseczna.pl\/wp-content\/uploads\/2025\/10\/dr-Lisowska-390x260.jpg 390w, https:\/\/zdrowiepiaseczna.pl\/wp-content\/uploads\/2025\/10\/dr-Lisowska-300x200.jpg 300w, https:\/\/zdrowiepiaseczna.pl\/wp-content\/uploads\/2025\/10\/dr-Lisowska-768x512.jpg 768w, https:\/\/zdrowiepiaseczna.pl\/wp-content\/uploads\/2025\/10\/dr-Lisowska-670x446.jpg 670w, https:\/\/zdrowiepiaseczna.pl\/wp-content\/uploads\/2025\/10\/dr-Lisowska-600x400.jpg 600w, https:\/\/zdrowiepiaseczna.pl\/wp-content\/uploads\/2025\/10\/dr-Lisowska-480x320.jpg 480w, https:\/\/zdrowiepiaseczna.pl\/wp-content\/uploads\/2025\/10\/dr-Lisowska-285x190.jpg 285w, https:\/\/zdrowiepiaseczna.pl\/wp-content\/uploads\/2025\/10\/dr-Lisowska.jpg 900w\" sizes=\"(max-width: 390px) 100vw, 390px\" \/>\n\t\t\t\t\t\t<div class=\"description\">\n\t\t\t\t\t\t\t<h4>dr Antonina Lisowska<\/h4>\n\t\t\t\t\t\t\t<h5>USG piersi z konsultacj\u0105 onkologiczn\u0105<\/h5>\n\t\t\t\t\t\t<\/div>\n\t\t\t\t\t\t<ul class=\"controls\">\n\t\t\t\t\t\t\t<li>\n\t\t\t\t\t\t\t\t<a href=\"#gallery-details-dr-antonina-lisowska\" class=\"template-menu-2 open-details\"><\/a>\n\t\t\t\t\t\t\t<\/li><li><a href=\"https:\/\/zdrowiepiaseczna.pl\/wp-content\/uploads\/2025\/10\/dr-Lisowska.jpg\" class=\"template-plus-2 fancybox open-lightbox\" rel=\"mcgallery[loop]\"><\/a>\n\t\t\t\t\t<\/li><\/ul><\/li><li class=\"gallery-box gallery-box-2 hover-icons-off\" id=\"gallery-item-lek-bozena-klysz\"><span class=\"mc-preloader\"><\/span><img width=\"390\" height=\"260\" src=\"https:\/\/zdrowiepiaseczna.pl\/wp-content\/uploads\/2021\/04\/ZP-grafiki-na-www-5-1-390x260.jpg\" class=\"mc-preload wp-post-image\" alt=\"dr Bo\u017cena K\u0142ysz\" loading=\"lazy\" title=\"\" srcset=\"https:\/\/zdrowiepiaseczna.pl\/wp-content\/uploads\/2021\/04\/ZP-grafiki-na-www-5-1-390x260.jpg 390w, https:\/\/zdrowiepiaseczna.pl\/wp-content\/uploads\/2021\/04\/ZP-grafiki-na-www-5-1-300x200.jpg 300w, https:\/\/zdrowiepiaseczna.pl\/wp-content\/uploads\/2021\/04\/ZP-grafiki-na-www-5-1-768x512.jpg 768w, https:\/\/zdrowiepiaseczna.pl\/wp-content\/uploads\/2021\/04\/ZP-grafiki-na-www-5-1-670x446.jpg 670w, https:\/\/zdrowiepiaseczna.pl\/wp-content\/uploads\/2021\/04\/ZP-grafiki-na-www-5-1-600x400.jpg 600w, https:\/\/zdrowiepiaseczna.pl\/wp-content\/uploads\/2021\/04\/ZP-grafiki-na-www-5-1-480x320.jpg 480w, https:\/\/zdrowiepiaseczna.pl\/wp-content\/uploads\/2021\/04\/ZP-grafiki-na-www-5-1-285x190.jpg 285w, https:\/\/zdrowiepiaseczna.pl\/wp-content\/uploads\/2021\/04\/ZP-grafiki-na-www-5-1.jpg 900w\" sizes=\"(max-width: 390px) 100vw, 390px\" \/>\n\t\t\t\t\t\t<div class=\"description\">\n\t\t\t\t\t\t\t<h4>dr Bo\u017cena K\u0142ysz<\/h4>\n\t\t\t\t\t\t\t<h5>neurolog<\/h5>\n\t\t\t\t\t\t<\/div>\n\t\t\t\t\t\t<ul class=\"controls\">\n\t\t\t\t\t\t\t<li>\n\t\t\t\t\t\t\t\t<a href=\"#gallery-details-lek-bozena-klysz\" class=\"template-menu-2 open-details\"><\/a>\n\t\t\t\t\t\t\t<\/li><li><a href=\"https:\/\/zdrowiepiaseczna.pl\/wp-content\/uploads\/2021\/04\/ZP-grafiki-na-www-5-1.jpg\" class=\"template-plus-2 fancybox open-lightbox\" rel=\"mcgallery[loop]\"><\/a>\n\t\t\t\t\t<\/li><\/ul><\/li><li class=\"gallery-box gallery-box-3 hover-icons-off\" id=\"gallery-item-dr-n-med-adam-pluzanski\"><span class=\"mc-preloader\"><\/span><img width=\"390\" height=\"260\" src=\"https:\/\/zdrowiepiaseczna.pl\/wp-content\/uploads\/2021\/04\/42-1-390x260.jpg\" class=\"mc-preload wp-post-image\" alt=\"dr hab. n. med. Adam P\u0142u\u017ca\u0144ski\" loading=\"lazy\" title=\"\" srcset=\"https:\/\/zdrowiepiaseczna.pl\/wp-content\/uploads\/2021\/04\/42-1-390x260.jpg 390w, https:\/\/zdrowiepiaseczna.pl\/wp-content\/uploads\/2021\/04\/42-1-300x200.jpg 300w, https:\/\/zdrowiepiaseczna.pl\/wp-content\/uploads\/2021\/04\/42-1-768x512.jpg 768w, https:\/\/zdrowiepiaseczna.pl\/wp-content\/uploads\/2021\/04\/42-1-670x446.jpg 670w, https:\/\/zdrowiepiaseczna.pl\/wp-content\/uploads\/2021\/04\/42-1-600x400.jpg 600w, https:\/\/zdrowiepiaseczna.pl\/wp-content\/uploads\/2021\/04\/42-1-480x320.jpg 480w, https:\/\/zdrowiepiaseczna.pl\/wp-content\/uploads\/2021\/04\/42-1-285x190.jpg 285w, https:\/\/zdrowiepiaseczna.pl\/wp-content\/uploads\/2021\/04\/42-1.jpg 900w\" sizes=\"(max-width: 390px) 100vw, 390px\" \/>\n\t\t\t\t\t\t<div class=\"description\">\n\t\t\t\t\t\t\t<h4>dr hab. n. med. Adam P\u0142u\u017ca\u0144ski<\/h4>\n\t\t\t\t\t\t\t<h5>onkolog<\/h5>\n\t\t\t\t\t\t<\/div>\n\t\t\t\t\t\t<ul class=\"controls\">\n\t\t\t\t\t\t\t<li>\n\t\t\t\t\t\t\t\t<a href=\"#gallery-details-dr-n-med-adam-pluzanski\" class=\"template-menu-2 open-details\"><\/a>\n\t\t\t\t\t\t\t<\/li><li><a href=\"https:\/\/zdrowiepiaseczna.pl\/wp-content\/uploads\/2021\/04\/42-1.jpg\" class=\"template-plus-2 fancybox open-lightbox\" rel=\"mcgallery[loop]\"><\/a>\n\t\t\t\t\t<\/li><\/ul><\/li><\/ul><\/div><ul class='pagination ajax theme_doctors_pagination page-margin-top'><li class='selected'><a href='https:\/\/zdrowiepiaseczna.pl\/index.php\/wp-json\/wp\/v2\/pages\/2196'>1<\/a><\/li><li><a href='https:\/\/zdrowiepiaseczna.pl\/index.php\/wp-json\/wp\/v2\/pages\/2196\/page\/2\/'>2<\/a><\/li><li><a href='https:\/\/zdrowiepiaseczna.pl\/index.php\/wp-json\/wp\/v2\/pages\/2196\/page\/3\/'>3<\/a><\/li><li><a href='https:\/\/zdrowiepiaseczna.pl\/index.php\/wp-json\/wp\/v2\/pages\/2196\/page\/4\/'>4<\/a><\/li><li><a href='https:\/\/zdrowiepiaseczna.pl\/index.php\/wp-json\/wp\/v2\/pages\/2196\/page\/5\/'>5<\/a><\/li><li><a href='https:\/\/zdrowiepiaseczna.pl\/index.php\/wp-json\/wp\/v2\/pages\/2196\/page\/6\/'>6<\/a><\/li><li><a href='https:\/\/zdrowiepiaseczna.pl\/index.php\/wp-json\/wp\/v2\/pages\/2196\/page\/7\/'>7<\/a><\/li><li><a href='https:\/\/zdrowiepiaseczna.pl\/index.php\/wp-json\/wp\/v2\/pages\/2196\/page\/8\/'>8<\/a><\/li><li><a href='https:\/\/zdrowiepiaseczna.pl\/index.php\/wp-json\/wp\/v2\/pages\/2196\/page\/9\/'>9<\/a><\/li><li><a href='https:\/\/zdrowiepiaseczna.pl\/index.php\/wp-json\/wp\/v2\/pages\/2196\/page\/10\/'>10<\/a><\/li><li><a href='https:\/\/zdrowiepiaseczna.pl\/index.php\/wp-json\/wp\/v2\/pages\/2196\/page\/11\/'>11<\/a><\/li><li><a href='https:\/\/zdrowiepiaseczna.pl\/index.php\/wp-json\/wp\/v2\/pages\/2196\/page\/12\/'>12<\/a><\/li><\/ul><span class='mc-preloader pagination-preloader page-margin-top'><\/span><input type=\"hidden\" name=\"theme_doctors_pagination\" value=\"a:17:{s:6:&quot;header&quot;;s:13:&quot;Meet The Team&quot;;s:9:&quot;animation&quot;;s:1:&quot;1&quot;;s:6:&quot;layout&quot;;s:17:&quot;gallery-3-columns&quot;;s:11:&quot;hover_icons&quot;;s:1:&quot;0&quot;;s:9:&quot;title_box&quot;;s:1:&quot;1&quot;;s:14:&quot;display_method&quot;;s:13:&quot;dm_pagination&quot;;s:14:&quot;items_per_page&quot;;s:1:&quot;3&quot;;s:15:&quot;ajax_pagination&quot;;s:1:&quot;1&quot;;s:3:&quot;ids&quot;;s:1:&quot;-&quot;;s:8:&quot;category&quot;;s:1:&quot;-&quot;;s:15:&quot;display_headers&quot;;s:1:&quot;1&quot;;s:20:&quot;display_social_icons&quot;;s:1:&quot;1&quot;;s:11:&quot;images_loop&quot;;s:1:&quot;1&quot;;s:14:&quot;shortcode_type&quot;;s:7:&quot;doctors&quot;;s:12:&quot;details_page&quot;;s:1:&quot;-&quot;;s:19:&quot;lightbox_icon_color&quot;;s:10:&quot;blue_light&quot;;s:11:&quot;el_position&quot;;s:10:&quot;first last&quot;;}\" \/>[\/vc_column][\/vc_row]<\/p>\n","protected":false},"excerpt":{"rendered":"<p>[vc_row top_margin=&#8221;page-margin-top&#8221; el_position=&#8221;first last&#8221;][vc_column][\/vc_column][\/vc_row]<\/p>\n","protected":false},"author":1,"featured_media":0,"parent":0,"menu_order":0,"comment_status":"open","ping_status":"open","template":"","meta":[],"_links":{"self":[{"href":"https:\/\/zdrowiepiaseczna.pl\/index.php\/wp-json\/wp\/v2\/pages\/2196"}],"collection":[{"href":"https:\/\/zdrowiepiaseczna.pl\/index.php\/wp-json\/wp\/v2\/pages"}],"about":[{"href":"https:\/\/zdrowiepiaseczna.pl\/index.php\/wp-json\/wp\/v2\/types\/page"}],"author":[{"embeddable":true,"href":"https:\/\/zdrowiepiaseczna.pl\/index.php\/wp-json\/wp\/v2\/users\/1"}],"replies":[{"embeddable":true,"href":"https:\/\/zdrowiepiaseczna.pl\/index.php\/wp-json\/wp\/v2\/comments?post=2196"}],"version-history":[{"count":0,"href":"https:\/\/zdrowiepiaseczna.pl\/index.php\/wp-json\/wp\/v2\/pages\/2196\/revisions"}],"wp:attachment":[{"href":"https:\/\/zdrowiepiaseczna.pl\/index.php\/wp-json\/wp\/v2\/media?parent=2196"}],"curies":[{"name":"wp","href":"https:\/\/api.w.org\/{rel}","templated":true}]}}